{"id":95,"date":"2012-07-13T13:34:49","date_gmt":"2012-07-13T13:34:49","guid":{"rendered":"http:\/\/www.unenfantuncartable17.fr\/?page_id=95"},"modified":"2019-06-27T09:22:30","modified_gmt":"2019-06-27T08:22:30","slug":"pagesle_sine_saloum_mangroves_forets_paletuviers","status":"publish","type":"page","link":"http:\/\/www.unenfantuncartable17.fr\/?page_id=95","title":{"rendered":"Le Sin\u00e9 Saloum : mangroves, for\u00eats, pal\u00e9tuviers"},"content":{"rendered":"<div class=\"ob-section ob-section-html\">\n<p style=\"line-height: normal; margin: 0cm 0cm 10pt; mso-margin-top-alt: auto; mso-margin-bottom-alt: auto; mso-outline-level: 2;\"><strong><span style=\"font-family: &amp;amp; amp; mso-fareast-font-family: 'Times New Roman'; mso-fareast-language: FR;\"><span style=\"font-size: 12pt;\"><span style=\"color: #ff9900;\"><img loading=\"lazy\" decoding=\"async\" class=\"GcheTexte\" src=\"http:\/\/www.unenfantuncartable17.fr\/wp-content\/uploads\/2012\/07\/Wandie-001.jpg\" alt=\"Wandie-001.jpg\" width=\"300\" height=\"225\" \/><\/span><\/span><\/span><\/strong><\/p>\n<p style=\"line-height: normal; margin: 0cm 0cm 10pt; mso-margin-top-alt: auto; mso-margin-bottom-alt: auto; mso-outline-level: 2;\"><span style=\"font-size: 14pt; font-family: 'arial black', sans-serif; color: #993300;\"><strong><span style=\"font-family: &amp;amp; amp; mso-fareast-font-family: 'Times New Roman'; mso-fareast-language: FR;\">D\u2019une grande richesse historique et culturelle, la r\u00e9gion du Sine Saloum, au sud de la Petite-C\u00f4te, correspond aux r\u00e9gions administratives de Kaolack et de Fatick.<\/span><\/strong><\/span><\/p>\n<p style=\"line-height: normal; margin: 0cm 0cm 10pt; mso-margin-top-alt: auto; mso-margin-bottom-alt: auto;\"><span style=\"font-size: 14pt; color: #808000; font-family: 'arial black', sans-serif;\"><strong>Le Sine Saloum prend son nom du fleuve Saloum et de son principal affluent, le Sine. La r\u00e9gion constitue plus de 70\u00a0% du bassin arachidier. Elle abritait jadis les royaumes s\u00e9r\u00e8res du Sine (capitale Diakhao) et du Saloum (capitale Kahone).<\/strong><\/span><\/p>\n<p style=\"line-height: normal; margin: 0cm 0cm 10pt; mso-margin-top-alt: auto; mso-margin-bottom-alt: auto; mso-outline-level: 3;\"><span style=\"color: #993300; font-family: 'arial black', sans-serif; font-size: 14pt;\"><strong><span style=\"font-family: &amp;amp; font-size; mso-fareast-language: FR; mso-fareast-font-family: 'Times New Roman';\">Le delta du Sine Saloum<\/span><\/strong><\/span><\/p>\n<p style=\"line-height: normal; margin: 0cm 0cm 10pt; mso-margin-top-alt: auto; mso-margin-bottom-alt: auto; mso-outline-level: 3;\"><span style=\"font-family: 'arial black', sans-serif; color: #808000; font-size: 14pt;\">Ce <strong>parc national est l\u2019un des plus beaux sites du S\u00e9n\u00e9gal. D\u2019une superficie d\u2019environ 180 000 hectares, c\u2019est une zone constitu\u00e9e de mangroves, de for\u00eats et de cordons sableux. Elle est situ\u00e9e au centre et au sud du bassin arachidier et pr\u00e9sente une grande diversit\u00e9 d\u2019\u00e9cosyst\u00e8mes naturels. Elle est arros\u00e9e par le fleuve Saloum, le Baobolong, un affluent du fleuve Gambie, le Niani Nja bolong, l\u2019affluent de la Sandugou et le Miniminiyang bolong.<\/strong><\/span><\/p>\n<p style=\"line-height: normal; margin: 0cm 0cm 10pt; mso-margin-top-alt: auto; mso-margin-bottom-alt: auto;\"><span style=\"font-family: 'arial black', sans-serif;\"><span style=\"color: #99cc00;\"><span style=\"color: #993300; font-size: 14pt;\"><strong>Kaolack<\/strong><\/span><span style=\"font-size: 12pt; mso-fareast-font-family: 'Times New Roman'; mso-fareast-language: FR;\"><span style=\"color: #993300; font-size: 14pt;\">, <strong>la capitale administrative<\/strong><\/span> <span style=\"color: #808000; font-size: 14pt;\"><strong>(180 000 habitants environ), abrite une grande usine de trituration de l\u2019arachide (Lyndiane) et le plus grand march\u00e9 du S\u00e9n\u00e9gal. La r\u00e9gion est \u00e9galement renomm\u00e9e pour sa production d\u2019anacardier et pour les salins de Diorane<\/strong> .<\/span><\/span><\/span><\/span><\/p>\n<p style=\"line-height: normal; margin: 0cm 0cm 10pt; mso-margin-top-alt: auto; mso-margin-bottom-alt: auto; mso-outline-level: 3;\"><span style=\"color: #993300; font-family: 'arial black', sans-serif; font-size: 14pt;\"><strong><span style=\"font-family: &amp;amp; font-size; mso-fareast-language: FR; mso-fareast-font-family: 'Times New Roman';\">La F\u00eate de Mboss\u00e9<\/span><\/strong><\/span><\/p>\n<p style=\"line-height: normal; margin: 0cm 0cm 10pt; mso-margin-top-alt: auto; mso-margin-bottom-alt: auto;\"><span style=\"font-family: 'arial black', sans-serif; font-size: 14pt; color: #808000;\"><strong>\u00ab\u00a0Mboss\u00e9\u00a0\u00bb (le varan) est le totem de la ville de Kaolack. La f\u00eate, en septembre, donne lieu \u00e0 une impressionnante procession et \u00e0 des s\u00e9ances divinatoires. Symboliquement, elle place la ville sous la bienveillante protection de \u00ab\u00a0Mboss\u00e9\u00a0\u00bb \u00e0 travers des sacrifices divers<\/strong>.<\/span><\/p>\n<p style=\"line-height: normal; margin: 0cm 0cm 10pt; mso-margin-top-alt: auto; mso-margin-bottom-alt: auto;\"><span style=\"color: #ff9900; font-family: 'arial black', sans-serif; font-size: 12pt;\"><strong><img loading=\"lazy\" decoding=\"async\" class=\"GcheTexte\" src=\"http:\/\/img.over-blog.com\/300x224\/3\/86\/53\/13\/pirogue2r.JPG\" alt=\"pirogue2r.JPG\" width=\"300\" height=\"224\" \/><\/strong><\/span><\/p>\n<p style=\"line-height: normal; margin: 0cm 0cm 10pt; mso-margin-top-alt: auto; mso-margin-bottom-alt: auto;\"><span style=\"color: #993300; font-family: 'arial black', sans-serif; font-size: 14pt;\"><strong>La r\u00e9gion de Fatick<\/strong><\/span><\/p>\n<p style=\"line-height: normal; margin: 0cm 0cm 10pt; mso-margin-top-alt: auto; mso-margin-bottom-alt: auto; mso-outline-level: 3;\"><span style=\"font-family: 'arial black', sans-serif; font-size: 14pt; color: #808000;\"><strong><span style=\"font-family: &amp;amp; font-size; mso-fareast-language: FR; mso-fareast-font-family: 'Times New Roman';\">Elle se trouve \u00e0 l&rsquo;ouest du bassin arachidier et englobe le delta du Saloum avec son affluent, le Sin\u00e9. Cette ensemble est travers\u00e9 par le Diomos et le Bandiala interconnect\u00e9s par les chenaux appel\u00e9s bolongs, bord\u00e9s de mangroves qui laissent parfois entrevoir des amas artificiels de coquillages fix\u00e9s par des baobabs centenaires. Fatick conna\u00eet une importante activit\u00e9 d\u2019exploitation du sel \u00e0 partir des sols sal\u00e9s appel\u00e9s\u00a0tanns<\/span><\/strong><\/span><\/p>\n<p style=\"line-height: normal; margin: 0cm 0cm 10pt; mso-margin-top-alt: auto; mso-margin-bottom-alt: auto; mso-outline-level: 3;\"><span style=\"color: #993300; font-family: 'arial black', sans-serif; font-size: 14pt;\"><strong><span style=\"font-family: &amp;amp; font-size; mso-fareast-language: FR; mso-fareast-font-family: 'Times New Roman';\">Les luttes royales<\/span><\/strong><\/span><\/p>\n<p style=\"line-height: normal; margin: 0cm 0cm 10pt; mso-margin-top-alt: auto; mso-margin-bottom-alt: auto;\"><span style=\"font-size: 14pt; color: #808000; font-family: 'arial black', sans-serif;\"><strong>Des s\u00e9ances de luttes\u00a0sont traditionnellement organis\u00e9es en octobre-novembre \u00e0 Fatick. La c\u00e9r\u00e9monie c\u00e9l\u00e8bre les r\u00e9coltes et permet de d\u00e9signer le champion du tournoi tout en \u00e9tant un espace de rencontres pour les jeunes.<\/strong><\/span><\/p>\n<p style=\"line-height: normal; margin: 0cm 0cm 10pt; mso-margin-top-alt: auto; mso-margin-bottom-alt: auto; mso-outline-level: 3;\"><span style=\"color: #993300; font-family: 'arial black', sans-serif; font-size: 14pt;\"><strong><span style=\"font-family: &amp;amp; font-size; mso-fareast-language: FR; mso-fareast-font-family: 'Times New Roman';\">Le charme des \u00eeles<\/span><\/strong><\/span><\/p>\n<p style=\"margin: 0cm 0cm 10pt; line-height: normal; mso-margin-top-alt: auto; mso-margin-bottom-alt: auto;\"><span style=\"font-size: 14pt; color: #808000; font-family: 'arial black', sans-serif;\"><strong>Les villages de p\u00eacheurs du littoral et ceux install\u00e9s le long des fleuves Sine et Saloum sont des sites touristiques appr\u00e9ci\u00e9s. La p\u00eache, r\u00e9alis\u00e9e de mani\u00e8re artisanale est abondante. Sur la pointe de Sangomar, entre fleuve et oc\u00e9an, se trouvent les villages de Palmarin et de Djiffer. En face, accessibles par pirogue, les \u00eeles de Niodior et de Dionewar.<\/strong><\/span><\/p>\n<p style=\"margin: 0cm 0cm 10pt; line-height: normal; mso-margin-top-alt: auto; mso-margin-bottom-alt: auto;\"><span style=\"font-size: 14pt; color: #808000; font-family: 'arial black', sans-serif;\"><strong>Au nord du delta, la petite ville de Ndangane, sur un bras du Saloum, donne acc\u00e8s \u00e0 l\u2019\u00eele de Mar Lodj o\u00f9 des campements pr\u00e9sentant une architecture de style local sont propos\u00e9s aux visiteurs. A l\u2019extr\u00e9mit\u00e9 nord-ouest, Foundiougne est un paisible village accessible par ferry. Plus au sud, Sokone, au bord des bolongs, et les villages de Toubacouta et de Missirah sont situ\u00e9s\u00a0dans une zone foresti\u00e8re, au c\u0153ur du <span style=\"color: #993300;\"><a style=\"color: #993300;\" href=\"http:\/\/www.au-senegal.com\/Parc-du-delta-du-Saloum.html\">parc<\/a><\/span><\/strong><span style=\"color: #993300;\">\u00a0<strong>(lien).<\/strong><\/span><\/span><\/p>\n<h3 style=\"margin: auto 0cm;\"><span style=\"font-size: 12pt; font-family: 'arial black', sans-serif;\"><span style=\"color: #ff9900;\"><img loading=\"lazy\" decoding=\"async\" class=\"GcheTexte\" src=\"http:\/\/img.over-blog.com\/300x224\/3\/86\/53\/13\/savane_r.JPG\" alt=\"savane_r.JPG\" width=\"300\" height=\"224\" \/><\/span><\/span><\/h3>\n<h3 style=\"margin: auto 0cm;\"><span style=\"font-family: 'arial black', sans-serif; font-size: 14pt;\"><strong><span style=\"color: #993300;\">Les S\u00e9r\u00e8res et les Niominkas<\/span><\/strong><\/span><\/h3>\n<p><span style=\"font-size: 14pt; color: #808000; font-family: 'arial black', sans-serif;\"><strong>Les S\u00e9r\u00e8res seraient, selon la l\u00e9gende,\u00a0issus des arpenteurs et g\u00e9om\u00e8tres, artisans des pyramides et navigateurs\u00a0sur le\u00a0Nil. Sous la protection de R\u00e2, ils\u00a0se seraient \u00e9tablis\u00a0dans le\u00a0Sahel, dans les empires Ougadou du Ghana et d\u2019Aoudaghost, avant de s\u2019\u00e9tablir dans la vall\u00e9e du S\u00e9n\u00e9gal, o\u00f9 ils cohabiteront avec les Foulb\u00e9s et les Sonink\u00e9s. Au IX\u00e8me si\u00e8cle, ils refusent de se soumettre aux berb\u00e8res almoradives qui veulent propager l\u2019islam et s\u2019installent \u00e0 l\u2019int\u00e9rieur du S\u00e9n\u00e9gal, dans les r\u00e9gions naturelles du Baol, du Sine et du Saloum. Ces contr\u00e9es donneront naissance aux royaumes s\u00e9r\u00e8res du Baol, du Sine et du Saloum. Des aristocrates Mandingues venant de Gabou se m\u00e9langeront aux Kassinka (S\u00e9r\u00e8res) pour donner naissance \u00e0 la dynastie Guelwar.<\/strong><\/span><\/p>\n<p class=\"spip\" style=\"margin: auto 0cm;\"><span style=\"font-family: 'arial black', sans-serif; font-size: 14pt;\"><strong><span style=\"color: #993300;\">Les Niominkas<\/span><\/strong><\/span><\/p>\n<p class=\"spip\" style=\"margin: auto 0cm;\"><strong><span style=\"font-family: Times New Roman; font-size: 12pt;\"><span style=\"color: #99cc00;\"><span style=\"font-family: arial,helvetica,sans-serif;\"><span style=\"font-size: 14pt; color: #808000;\"><span style=\"font-family: 'arial black', sans-serif;\">Une partie de la dynastie Guelwar restera dans les \u00eeles du Saloum et sur la petite c\u00f4te pour donner naissance \u00e0 l\u2019ethnie S\u00e9r\u00e8re Niominka. Cette soci\u00e9t\u00e9 aristocratique est n\u00e9anmoins \u00e9galitaire et sans caste, ce qui explique son esprit d\u2019ind\u00e9pendance parfois tr\u00e8s prononc\u00e9. Le m\u00e9tissage du Niominka fait de lui une synth\u00e8se du paysan, du pasteur et du p\u00eacheur\u00a0: il s\u2019adonne ainsi \u00e0 des activit\u00e9s de p\u00eache, de culture (riz, mil, arachide), et d\u2019<\/span>\u00e9levage <span style=\"font-family: 'arial black', sans-serif;\">(boeufs, petits ruminants)<\/span><\/span><\/span><\/span><\/span><\/strong><\/p>\n<p class=\"spip\" style=\"margin: auto 0cm;\">\u00a0<\/p>\n<p class=\"spip\" style=\"margin: auto 0cm;\"><span style=\"font-family: 'arial black', sans-serif; font-size: 14pt; color: #993300;\">Pour aller plus loin :<\/span><\/p>\n<\/div>\n<p style=\"text-align: left;\"><span style=\"font-size: 14pt; color: #993300; font-family: 'arial black', sans-serif;\"><a style=\"color: #993300;\" href=\"http:\/\/www.senegalaisement.com\/senegal\/sine_saloum.php\">http:\/\/www.senegalaisement.com\/senegal\/sine_saloum.ph<\/a><\/span><\/p>\n<p style=\"text-align: left;\"><span style=\"font-size: 14pt; color: #993300; font-family: 'arial black', sans-serif;\"><a style=\"color: #993300;\" href=\"http:\/\/fr.wikipedia.org\/wiki\/S%C3%A9n%C3%A9gal\">http:\/\/fr.wikipedia.org\/wiki\/S%C3%A9n%C3%A9gal<\/a><\/span><\/p>\n<p class=\"spip\" style=\"margin: auto 0cm;\">\u00a0<\/p>\n","protected":false},"excerpt":{"rendered":"<p>D\u2019une grande richesse historique et culturelle, la r\u00e9gion du Sine Saloum, au sud de la Petite-C\u00f4te, correspond aux r\u00e9gions administratives de Kaolack et de Fatick. Le Sine Saloum prend son nom du fleuve Saloum et de son principal affluent, le Sine. La r\u00e9gion constitue plus de 70\u00a0% du bassin arachidier. Elle abritait jadis les royaumes [&hellip;]<\/p>\n","protected":false},"author":2,"featured_media":0,"parent":0,"menu_order":0,"comment_status":"open","ping_status":"open","template":"","meta":{"jetpack_post_was_ever_published":false,"footnotes":""},"class_list":["post-95","page","type-page","status-publish","hentry"],"jetpack_sharing_enabled":true,"jetpack_shortlink":"https:\/\/wp.me\/P5o8j7-1x","_links":{"self":[{"href":"http:\/\/www.unenfantuncartable17.fr\/index.php?rest_route=\/wp\/v2\/pages\/95","targetHints":{"allow":["GET"]}}],"collection":[{"href":"http:\/\/www.unenfantuncartable17.fr\/index.php?rest_route=\/wp\/v2\/pages"}],"about":[{"href":"http:\/\/www.unenfantuncartable17.fr\/index.php?rest_route=\/wp\/v2\/types\/page"}],"author":[{"embeddable":true,"href":"http:\/\/www.unenfantuncartable17.fr\/index.php?rest_route=\/wp\/v2\/users\/2"}],"replies":[{"embeddable":true,"href":"http:\/\/www.unenfantuncartable17.fr\/index.php?rest_route=%2Fwp%2Fv2%2Fcomments&post=95"}],"version-history":[{"count":8,"href":"http:\/\/www.unenfantuncartable17.fr\/index.php?rest_route=\/wp\/v2\/pages\/95\/revisions"}],"predecessor-version":[{"id":3791,"href":"http:\/\/www.unenfantuncartable17.fr\/index.php?rest_route=\/wp\/v2\/pages\/95\/revisions\/3791"}],"wp:attachment":[{"href":"http:\/\/www.unenfantuncartable17.fr\/index.php?rest_route=%2Fwp%2Fv2%2Fmedia&parent=95"}],"curies":[{"name":"wp","href":"https:\/\/api.w.org\/{rel}","templated":true}]}}