{"id":91,"date":"2014-04-23T14:03:00","date_gmt":"2014-04-23T14:03:00","guid":{"rendered":"http:\/\/www.unenfantuncartable17.fr\/?page_id=91"},"modified":"2025-09-20T11:02:43","modified_gmt":"2025-09-20T10:02:43","slug":"pagesnos_partenaires","status":"publish","type":"page","link":"http:\/\/www.unenfantuncartable17.fr\/?page_id=91","title":{"rendered":"Nos partenaires"},"content":{"rendered":"<div class=\"ob-section ob-section-html\">\n<p><span style=\"font-family: 'arial black', sans-serif; color: #993300; font-size: 14pt;\"><strong>Gr\u00e2ce \u00e0 nos partenaires -les \u00e9coles de Charente-Maritime- l&rsquo;action aupr\u00e8s des enfants de Mar Lodj a pris une ampleur suppl\u00e9mentaire.<\/strong><\/span><\/p>\n<p><span style=\"font-family: 'arial black', sans-serif; color: #993300; font-size: 14pt;\"><strong>Leurs contributions diverses repr\u00e9sentent plus 6<span style=\"text-decoration: underline;\">0 % du budget.<\/span>\u00a0 \u00a0 \u00a0 \u00a0 \u00a0 \u00a0 \u00a0 \u00a0 \u00a0 \u00a0 \u00a0 \u00a0<span style=\"text-decoration: underline;\">Avec plus de 80 % d&rsquo;autofinancement, l&rsquo;association garde le contr\u00f4le de son action et de ses orientations.<\/span><\/strong><\/span><\/p>\n<p><span style=\"font-family: 'arial black', sans-serif; color: #993300; font-size: 14pt;\"><strong>\u00a0La pluralit\u00e9 de nos ressources garantit notre ind\u00e9pendance en respectant nos valeurs et nos engagements.<\/strong><\/span><\/p>\n<p><span style=\"font-size: 14pt;\"><strong><span style=\"font-family: 'arial black', sans-serif; color: #993300;\">Depuis 2017 des \u00e9coles se mobilisent pour organiser, au profit de l&rsquo;association, des \u00ab\u00a0courses de la solidarit\u00e9\u00a0\u00bb. Les fonds r\u00e9colt\u00e9s \u00e0 cette occasion abondent largement les recettes (65%)\u00a0 \u00a0 \u00a0 \u00a0 \u00a0 \u00a0 \u00a0 \u00a0 \u00a0 \u00a0 \u00a0 \u00a0<\/span><\/strong><\/span><\/p>\n<p><span style=\"font-size: 14pt;\"><strong><span style=\"font-family: 'arial black', sans-serif; color: #808000;\">Les <\/span><span style=\"font-family: 'arial black', sans-serif; color: #993300;\"><span style=\"color: #808000;\">\u00e9coles Marie Marvingt de La Rochelle et Jean Ferrat de Marsilly s&rsquo;y associent depuis 2017 et 2018. D&rsquo;autres \u00e9coles de La Rochelle -Simone Veil- ou du d\u00e9partement- le Thou, Surg\u00e8res, Saint Jean d&rsquo;Ang\u00e9ly, Ferri\u00e8res, La Flotte en R\u00e9, Lagord, Loulay, Nieul sur Mer, Puilboreau, Bernay St Martin, Villeneuve la Comtesse- se mobilisent. Un grand merci \u00e0 elles, aux \u00e9l\u00e8ves et aux parents et aux D\u00e9l\u00e9gu\u00e9s D\u00e9partementaux de l&rsquo;Education Nationale (DDEN) qui permettent \u00e0 notre action de se d\u00e9velopper !<\/span><\/span><\/strong><\/span><\/p>\n<\/div>\n","protected":false},"excerpt":{"rendered":"<p>Gr\u00e2ce \u00e0 nos partenaires -les \u00e9coles de Charente-Maritime- l&rsquo;action aupr\u00e8s des enfants de Mar Lodj a pris une ampleur suppl\u00e9mentaire. Leurs contributions diverses repr\u00e9sentent plus 60 % du budget.\u00a0 \u00a0 \u00a0 \u00a0 \u00a0 \u00a0 \u00a0 \u00a0 \u00a0 \u00a0 \u00a0 \u00a0Avec plus de 80 % d&rsquo;autofinancement, l&rsquo;association garde le contr\u00f4le de son action et de ses [&hellip;]<\/p>\n","protected":false},"author":2,"featured_media":0,"parent":0,"menu_order":0,"comment_status":"open","ping_status":"open","template":"","meta":{"jetpack_post_was_ever_published":false,"footnotes":""},"class_list":["post-91","page","type-page","status-publish","hentry"],"jetpack_sharing_enabled":true,"jetpack_shortlink":"https:\/\/wp.me\/P5o8j7-1t","_links":{"self":[{"href":"http:\/\/www.unenfantuncartable17.fr\/index.php?rest_route=\/wp\/v2\/pages\/91","targetHints":{"allow":["GET"]}}],"collection":[{"href":"http:\/\/www.unenfantuncartable17.fr\/index.php?rest_route=\/wp\/v2\/pages"}],"about":[{"href":"http:\/\/www.unenfantuncartable17.fr\/index.php?rest_route=\/wp\/v2\/types\/page"}],"author":[{"embeddable":true,"href":"http:\/\/www.unenfantuncartable17.fr\/index.php?rest_route=\/wp\/v2\/users\/2"}],"replies":[{"embeddable":true,"href":"http:\/\/www.unenfantuncartable17.fr\/index.php?rest_route=%2Fwp%2Fv2%2Fcomments&post=91"}],"version-history":[{"count":27,"href":"http:\/\/www.unenfantuncartable17.fr\/index.php?rest_route=\/wp\/v2\/pages\/91\/revisions"}],"predecessor-version":[{"id":4922,"href":"http:\/\/www.unenfantuncartable17.fr\/index.php?rest_route=\/wp\/v2\/pages\/91\/revisions\/4922"}],"wp:attachment":[{"href":"http:\/\/www.unenfantuncartable17.fr\/index.php?rest_route=%2Fwp%2Fv2%2Fmedia&parent=91"}],"curies":[{"name":"wp","href":"https:\/\/api.w.org\/{rel}","templated":true}]}}