{"id":2446,"date":"2020-06-30T09:55:29","date_gmt":"2020-06-30T08:55:29","guid":{"rendered":"http:\/\/www.unenfantuncartable17.fr\/?page_id=2446"},"modified":"2020-06-30T10:07:17","modified_gmt":"2020-06-30T09:07:17","slug":"reduction-dimpots-comment-faire","status":"publish","type":"page","link":"http:\/\/www.unenfantuncartable17.fr\/?page_id=2446","title":{"rendered":"R\u00e9duction d&rsquo;imp\u00f4ts, comment faire ?"},"content":{"rendered":"<p><span style=\"font-family: 'arial black', sans-serif; font-size: 14pt; color: #993300;\">L&rsquo;association \u00ab\u00a0un enfant, un cartable\u00a0\u00bb est reconnue \u00ab\u00a0association d&rsquo;int\u00e9r\u00eat g\u00e9n\u00e9ral\u00a0\u00bb depuis le 28 avril 2014, par l&rsquo;administration fiscale.<\/span><\/p>\n<p><span style=\"font-family: 'arial black', sans-serif; font-size: 14pt; color: #993300;\">Faire un (ou des) dons \u00e0 une association permet une r\u00e9duction d&rsquo;imp\u00f4ts.\u00a0<\/span><\/p>\n<p><span style=\"font-family: 'arial black', sans-serif; font-size: 14pt; color: #993300;\">Nous attirons l&rsquo;attention des adh\u00e9rents sur le fait que nous ne fournissons pas de fa\u00e7on syst\u00e9matique d&rsquo;attestation de don(s). Celle-ci sera fournie sur demande expresse au cas o\u00f9 l&rsquo;administration fiscale op\u00e9rerait un contr\u00f4le n\u00e9cessitant une preuve de ce(s) don(s).<\/span><\/p>\n<p><span style=\"font-size: 14pt; font-family: 'arial black', sans-serif;\"><strong><span style=\"color: #993300;\"><span style=\"color: #808000;\">Pour b\u00e9n\u00e9ficier de cet avantage, voici deux liens<\/span><\/span><\/strong><\/span><span style=\"font-family: 'arial black', sans-serif; font-size: 14pt; color: #993300;\">\u00a0pour renseigner les adh\u00e9rents qui le souhaiteraient.<\/span><\/p>\n<p><span style=\"font-family: 'arial black', sans-serif; font-size: 12pt; color: #808000;\">https:\/\/www.impots.gouv.fr\/portail\/particulier\/questions\/jai-fait-des-dons-une-association-que-puis-je-deduire<\/span><\/p>\n<p><span style=\"font-family: 'arial black', sans-serif; color: #808000;\">https:\/\/www.toutsurmesfinances.com\/impots\/impots-comment-declarer-les-dons-aux-associations-et-partis-politiques.html<\/span><\/p>\n<p><strong><span style=\"color: #993300; font-family: arial, helvetica, sans-serif;\">(s\u00e9lectionner le lien et faire acc\u00e9der)<\/span><\/strong><\/p>\n","protected":false},"excerpt":{"rendered":"<p>L&rsquo;association \u00ab\u00a0un enfant, un cartable\u00a0\u00bb est reconnue \u00ab\u00a0association d&rsquo;int\u00e9r\u00eat g\u00e9n\u00e9ral\u00a0\u00bb depuis le 28 avril 2014, par l&rsquo;administration fiscale. Faire un (ou des) dons \u00e0 une association permet une r\u00e9duction d&rsquo;imp\u00f4ts.\u00a0 Nous attirons l&rsquo;attention des adh\u00e9rents sur le fait que nous ne fournissons pas de fa\u00e7on syst\u00e9matique d&rsquo;attestation de don(s). Celle-ci sera fournie sur demande expresse [&hellip;]<\/p>\n","protected":false},"author":2,"featured_media":0,"parent":0,"menu_order":0,"comment_status":"closed","ping_status":"closed","template":"","meta":{"jetpack_post_was_ever_published":false,"footnotes":""},"class_list":["post-2446","page","type-page","status-publish","hentry"],"jetpack_sharing_enabled":true,"jetpack_shortlink":"https:\/\/wp.me\/P5o8j7-Ds","_links":{"self":[{"href":"http:\/\/www.unenfantuncartable17.fr\/index.php?rest_route=\/wp\/v2\/pages\/2446","targetHints":{"allow":["GET"]}}],"collection":[{"href":"http:\/\/www.unenfantuncartable17.fr\/index.php?rest_route=\/wp\/v2\/pages"}],"about":[{"href":"http:\/\/www.unenfantuncartable17.fr\/index.php?rest_route=\/wp\/v2\/types\/page"}],"author":[{"embeddable":true,"href":"http:\/\/www.unenfantuncartable17.fr\/index.php?rest_route=\/wp\/v2\/users\/2"}],"replies":[{"embeddable":true,"href":"http:\/\/www.unenfantuncartable17.fr\/index.php?rest_route=%2Fwp%2Fv2%2Fcomments&post=2446"}],"version-history":[{"count":5,"href":"http:\/\/www.unenfantuncartable17.fr\/index.php?rest_route=\/wp\/v2\/pages\/2446\/revisions"}],"predecessor-version":[{"id":2452,"href":"http:\/\/www.unenfantuncartable17.fr\/index.php?rest_route=\/wp\/v2\/pages\/2446\/revisions\/2452"}],"wp:attachment":[{"href":"http:\/\/www.unenfantuncartable17.fr\/index.php?rest_route=%2Fwp%2Fv2%2Fmedia&parent=2446"}],"curies":[{"name":"wp","href":"https:\/\/api.w.org\/{rel}","templated":true}]}}